{"id":1010,"date":"2023-10-14T16:48:20","date_gmt":"2023-10-14T14:48:20","guid":{"rendered":"https:\/\/rencontre.abite.fr\/?page_id=1010"},"modified":"2023-11-07T20:22:50","modified_gmt":"2023-11-07T19:22:50","slug":"infos-pratiques","status":"publish","type":"page","link":"https:\/\/rencontre.abite.fr\/en\/infos-pratiques\/","title":{"rendered":"Infos pratiques"},"content":{"rendered":"<div data-elementor-type=\"wp-page\" data-elementor-id=\"1010\" class=\"elementor elementor-1010\">\n\t\t\t\t\t\t\t\t\t<section class=\"elementor-section elementor-top-section elementor-element elementor-element-7ca77fb7 elementor-section-boxed elementor-section-height-default elementor-section-height-default neuron-fixed-no\" data-id=\"7ca77fb7\" data-element_type=\"section\">\n\t\t\t\t\t\t<div class=\"elementor-container elementor-column-gap-default\">\n\t\t\t\t\t<div class=\"elementor-column elementor-col-100 elementor-top-column elementor-element elementor-element-3797dfb6\" data-id=\"3797dfb6\" data-element_type=\"column\">\n\t\t\t<div class=\"elementor-widget-wrap elementor-element-populated\">\n\t\t\t\t\t\t\t\t<div class=\"elementor-element elementor-element-83356d4 elementor-widget elementor-widget-text-editor\" data-id=\"83356d4\" data-element_type=\"widget\" data-widget_type=\"text-editor.default\">\n\t\t\t\t<div class=\"elementor-widget-container\">\n\t\t\t<style>\/*! elementor - v3.17.0 - 01-11-2023 *\/\n.elementor-widget-text-editor.elementor-drop-cap-view-stacked .elementor-drop-cap{background-color:#69727d;color:#fff}.elementor-widget-text-editor.elementor-drop-cap-view-framed .elementor-drop-cap{color:#69727d;border:3px solid;background-color:transparent}.elementor-widget-text-editor:not(.elementor-drop-cap-view-default) .elementor-drop-cap{margin-top:8px}.elementor-widget-text-editor:not(.elementor-drop-cap-view-default) .elementor-drop-cap-letter{width:1em;height:1em}.elementor-widget-text-editor .elementor-drop-cap{float:left;text-align:center;line-height:1;font-size:50px}.elementor-widget-text-editor .elementor-drop-cap-letter{display:inline-block}<\/style>\t\t\t\t<p><!-- wp:paragraph --><\/p>\n<p>Voici les informations pratiques les plus importantes<\/p>\n<p><!-- \/wp:paragraph --><\/p>\n<p><!-- wp:paragraph --><\/p>\n<p>\u00a0<\/p>\n<p><strong>H\u00e9bergement<\/strong><\/p>\n<p><!-- \/wp:paragraph --><\/p>\n<p><!-- wp:paragraph --><\/p>\n<p>B\u00e9n\u00e9ficiez-vous d&#8217;un tarif r\u00e9duit en s\u00e9journant \u00e0 l&#8217;<a href=\"https:\/\/www.karibea.com\/hotels\/karibea-squash-hotel\/\" data-type=\"link\" data-id=\"https:\/\/www.karibea.com\/hotels\/karibea-squash-hotel\/\">h\u00f4tel Karibea Squash<\/a> \u00e0 Fort-de-France avec le code &#8220;RCA2023&#8221;<\/p>\n<p><!-- \/wp:paragraph --><\/p>\n<p><!-- wp:paragraph --><\/p>\n<p>\u00a0<\/p>\n<p><strong>Transport<\/strong><\/p>\n<p><!-- \/wp:paragraph --><\/p>\n<p><!-- wp:paragraph --><\/p>\n<p>En g\u00e9n\u00e9ral, les activit\u00e9s se d\u00e9rouleront dans le centre-ville de Fort-de-France. Pour les visites pr\u00e9vues dans d&#8217;autres communes, un transport commun sera mis \u00e0 disposition. Pour plus d&#8217;informations, veuillez contacter C\u00e9line BALTIDE.<\/p>\n<div>Taxi :\u00a0<\/div>\n<div>MADINTAXI : r\u00e9servation via le site (<a href=\"https:\/\/madintaxi.com\/commander-un-taxi\/\">https:\/\/madintaxi.com\/commander-un-taxi\/<\/a>), en appelant le num\u00e9ro ou via Whatsapp<\/div>\n<div>\u00a0<\/div>\n<div>+596596657700<\/div>\n<p><!-- \/wp:paragraph --><\/p>\n<p><!-- wp:paragraph --><\/p>\n<p>\u00a0<\/p>\n<p><strong>Nourriture<\/strong><\/p>\n<p><!-- \/wp:paragraph --><\/p>\n<p><!-- wp:paragraph --><\/p>\n<p>Le centre-ville de Fort-de-France offre plusieurs options de cuisine locale et internationale. Au moment de la r\u00e9servation du billet, vous avez la possibilit\u00e9 de pr\u00e9payer les repas et de partager ce moment avec les invit\u00e9s sp\u00e9ciaux au restaurant <a href=\"https:\/\/chezlucrece.eatbu.com\/\" data-type=\"link\" data-id=\"https:\/\/chezlucrece.eatbu.com\/\">Chez Lucr\u00e8ce<\/a>.<\/p>\n<div>\u00a0<\/div>\n<div>Lieux de restauration \u00e0 proximit\u00e9 du Squash H\u00f4tel (accessible \u00e0 pied) :<\/div>\n<div>L&#8217;ESPACE GOURMET :\u00a0<a href=\"https:\/\/maps.app.goo.gl\/RZ83yauLxHxfNMmb8\">https:\/\/maps.app.goo.gl\/RZ83yauLxHxfNMmb8<\/a><\/div>\n<div>LOTUS D&#8217;ASIE :\u00a0<a href=\"https:\/\/maps.app.goo.gl\/tw5HLJYap7xRZScx9\">https:\/\/maps.app.goo.gl\/tw5HLJYap7xRZScx9<\/a><\/div>\n<div>\u00c0 LA BONNE PIZZA :\u00a0<a href=\"https:\/\/maps.app.goo.gl\/erx5zSGhTxBMpTTs8\">https:\/\/maps.app.goo.gl\/erx5zSGhTxBMpTTs8<\/a><\/div>\n<div>FAVELA RESTO BAR :\u00a0<a href=\"https:\/\/maps.app.goo.gl\/gy7QR2YU4VZ8KVhG8\">https:\/\/maps.app.goo.gl\/gy7QR2YU4VZ8KVhG8<\/a><\/div>\n<div>KEMANA :\u00a0<a href=\"https:\/\/maps.app.goo.gl\/mps9Tm9bkcXtjMYV6\">https:\/\/maps.app.goo.gl\/mps9Tm9bkcXtjMYV6<\/a><\/div>\n<p><!-- \/wp:paragraph --><\/p>\n<p><!-- wp:paragraph --><\/p>\n<p>\u00a0<\/p>\n<p><strong>Coordonn\u00e9es<\/strong><\/p>\n<p><!-- \/wp:paragraph --><\/p>\n<p><!-- wp:paragraph --><\/p>\n<p>En cas d&#8217;urgence, vous pouvez contacter C\u00e9line BALTIDE au +596596672067<\/p>\n<p><!-- \/wp:paragraph --><\/p>\n<p><!-- wp:paragraph --><\/p>\n<p>\u00a0<\/p>\n<p><strong>Informations sur la Martinique<\/strong><\/p>\n<p><!-- \/wp:paragraph --><\/p>\n<p><!-- wp:paragraph --><\/p>\n<p>Conditions Climatiques Habituelles :<br \/>Fort-de-France b\u00e9n\u00e9ficie d&#8217;un climat tropical, avec des temp\u00e9ratures chaudes toute l&#8217;ann\u00e9e.<br \/>La saison des pluies s&#8217;\u00e9tend de juin \u00e0 octobre, tandis que la saison s\u00e8che va de novembre \u00e0 mai.<br \/>Les temp\u00e9ratures moyennes varient g\u00e9n\u00e9ralement entre 24\u00b0C et 31\u00b0C (75\u00b0F \u00e0 88\u00b0F).<br \/>Attractions Locales :<br \/>&#8211; La Savane : Il s&#8217;agit d&#8217;un parc central offrant une oasis de verdure au c\u0153ur de la ville. Vous pouvez vous promener, faire un pique-nique ou simplement vous d\u00e9tendre.<br \/>La Cath\u00e9drale Saint-Louis : Cette cath\u00e9drale est un exemple impressionnant de l&#8217;architecture religieuse en Martinique.<br \/>&#8211; Le Jardin de Balata : C&#8217;est un jardin botanique magnifique avec une grande vari\u00e9t\u00e9 de plantes tropicales et d&#8217;oiseaux exotiques.<br \/>&#8211; La Biblioth\u00e8que Schoelcher : Une biblioth\u00e8que n\u00e9o-gothique remarquable qui vaut la peine d&#8217;\u00eatre visit\u00e9e.<br \/>&#8211; March\u00e9 de Fort-de-France : Un endroit id\u00e9al pour d\u00e9couvrir la culture locale, acheter des produits artisanaux et d\u00e9guster de d\u00e9licieuses sp\u00e9cialit\u00e9s martiniquaises.<br \/>&#8211; Fort Saint-Louis : Une forteresse historique qui offre une vue panoramique sur la ville et la baie de Fort-de-France.<br \/>&#8211; Les plages : La r\u00e9gion est bord\u00e9e de superbes plages, notamment la plage de La Fran\u00e7aise, la plage de La Bateli\u00e8re et Trois-\u00eelets avec la navette maritime, id\u00e9ales pour la baignade et la d\u00e9tente.<\/p>\n<p><!-- \/wp:paragraph --><\/p>\n<p><!-- wp:paragraph --><\/p>\n<p><!-- \/wp:list-item --><\/p>\n<p><!-- \/wp:list --><\/p>\n<p><!-- wp:paragraph --><\/p>\n<p><!-- \/wp:paragraph --><\/p>\t\t\t\t\t\t<\/div>\n\t\t\t\t<\/div>\n\t\t\t\t\t<\/div>\n\t\t<\/div>\n\t\t\t\t\t\t\t<\/div>\n\t\t<\/section>\n\t\t\t\t<section class=\"elementor-section elementor-top-section elementor-element elementor-element-48db348 elementor-section-boxed elementor-section-height-default elementor-section-height-default neuron-fixed-no\" data-id=\"48db348\" data-element_type=\"section\">\n\t\t\t\t\t\t<div class=\"elementor-container elementor-column-gap-default\">\n\t\t\t\t\t<div class=\"elementor-column elementor-col-100 elementor-top-column elementor-element elementor-element-9708bb3\" data-id=\"9708bb3\" data-element_type=\"column\">\n\t\t\t<div class=\"elementor-widget-wrap elementor-element-populated\">\n\t\t\t\t\t\t\t\t<div class=\"elementor-element elementor-element-f5f882b elementor-widget elementor-widget-html\" data-id=\"f5f882b\" data-element_type=\"widget\" data-widget_type=\"html.default\">\n\t\t\t\t<div class=\"elementor-widget-container\">\n\t\t\t<iframe loading=\"lazy\" src=\"https:\/\/www.google.com\/maps\/d\/embed?mid=1Xk0nRRfRnmRRg71y-x2xpT6MugB3mF0&ehbc=2E312F\" width=\"640\" height=\"480\"><\/iframe>\t\t<\/div>\n\t\t\t\t<\/div>\n\t\t\t\t<section class=\"elementor-section elementor-inner-section elementor-element elementor-element-d2aaf60 elementor-section-boxed elementor-section-height-default elementor-section-height-default neuron-fixed-no\" data-id=\"d2aaf60\" data-element_type=\"section\">\n\t\t\t\t\t\t<div class=\"elementor-container elementor-column-gap-default\">\n\t\t\t\t\t<div class=\"elementor-column elementor-col-100 elementor-inner-column elementor-element elementor-element-8a10ae3\" data-id=\"8a10ae3\" data-element_type=\"column\">\n\t\t\t<div class=\"elementor-widget-wrap elementor-element-populated\">\n\t\t\t\t\t\t\t\t<div class=\"elementor-element elementor-element-e822dca elementor-widget elementor-widget-text-editor\" data-id=\"e822dca\" data-element_type=\"widget\" data-widget_type=\"text-editor.default\">\n\t\t\t\t<div class=\"elementor-widget-container\">\n\t\t\t\t\t\t\t<p><a href=\"https:\/\/www.google.com\/maps\/d\/u\/0\/edit?mid=1Xk0nRRfRnmRRg71y-x2xpT6MugB3mF0&amp;usp=sharing\">Voir carte interactive en Google Maps<\/a><\/p>\t\t\t\t\t\t<\/div>\n\t\t\t\t<\/div>\n\t\t\t\t\t<\/div>\n\t\t<\/div>\n\t\t\t\t\t\t\t<\/div>\n\t\t<\/section>\n\t\t\t\t\t<\/div>\n\t\t<\/div>\n\t\t\t\t\t\t\t<\/div>\n\t\t<\/section>\n\t\t\t\t<section class=\"elementor-section elementor-top-section elementor-element elementor-element-b241206 elementor-section-boxed elementor-section-height-default elementor-section-height-default neuron-fixed-no\" data-id=\"b241206\" data-element_type=\"section\">\n\t\t\t\t\t\t<div class=\"elementor-container elementor-column-gap-default\">\n\t\t\t\t\t<div class=\"elementor-column elementor-col-100 elementor-top-column elementor-element elementor-element-2cfff15\" data-id=\"2cfff15\" data-element_type=\"column\">\n\t\t\t<div class=\"elementor-widget-wrap elementor-element-populated\">\n\t\t\t\t\t\t\t\t<div class=\"elementor-element elementor-element-592006e elementor-widget elementor-widget-text-editor\" data-id=\"592006e\" data-element_type=\"widget\" data-widget_type=\"text-editor.default\">\n\t\t\t\t<div class=\"elementor-widget-container\">\n\t\t\t\t\t\t\t<p><!-- wp:paragraph --><\/p>\n<p><strong>Urgences<\/strong><\/p>\n<p><!-- \/wp:paragraph --><\/p>\n<p><!-- wp:paragraph --><\/p>\n<p>Voici les num\u00e9ros \u00e0 composer en cas d&#8217;urgence en Martinique :<br \/>POLICE : 17 ou H\u00f4tel de Police 0596.59.40.00<br \/>GENDARMERIE : 17<\/p>\n<p><!-- \/wp:paragraph --><\/p>\n<p><!-- wp:list --><\/p>\n<ul>\n<li style=\"list-style-type: none;\">\n<ul><!-- wp:list-item --><\/ul>\n<\/li>\n<\/ul>\n<ul>\n<li style=\"list-style-type: none;\">\n<ul>\n<li>Fort-de-France : 0596.59.90.00<\/li>\n<\/ul>\n<\/li>\n<\/ul>\n<p><!-- \/wp:list-item --><\/p>\n<p><!-- wp:list-item --><\/p>\n<ul>\n<li style=\"list-style-type: none;\">\n<ul>\n<li>Redoute \/ Urgence : 0596.59.90.40<\/li>\n<\/ul>\n<\/li>\n<\/ul>\n<p><!-- \/wp:list-item --><\/p>\n<p><!-- wp:list-item --><\/p>\n<ul>\n<li style=\"list-style-type: none;\">\n<ul>\n<li>Le Marin : 0596.74.95.64 ou 0596.74.18.44<\/li>\n<\/ul>\n<\/li>\n<\/ul>\n<p><!-- \/wp:list-item --><\/p>\n<p><!-- wp:list-item --><\/p>\n<ul>\n<li style=\"list-style-type: none;\">\n<ul>\n<li>Trinit\u00e9 : 0596.58.17.28<\/li>\n<\/ul>\n<\/li>\n<\/ul>\n<p><!-- \/wp:list-item --><\/p>\n<p><!-- \/wp:list --><\/p>\n<p><!-- wp:paragraph --><\/p>\n<p>SAPEURS-POMPIERS : 18 ou 0596.59.05.80<\/p>\n<p><!-- \/wp:paragraph --><\/p>\n<p><!-- wp:paragraph --><\/p>\n<p>M\u00c9DECINS DE GARDE : Centre 15<\/p>\n<p><!-- \/wp:paragraph --><\/p>\n<p><!-- wp:list --><\/p>\n<ul>\n<li style=\"list-style-type: none;\">\n<ul><!-- wp:list-item --><\/ul>\n<\/li>\n<\/ul>\n<p>\u00a0<\/p>\n<ul>\n<li style=\"list-style-type: none;\">\n<ul>\n<li>S.O.S. M\u00e9decins (de 6h \u00e0 00h00) : 0596.63.33.33<\/li>\n<\/ul>\n<\/li>\n<\/ul>\n<p><!-- \/wp:list-item --><\/p>\n<p><!-- wp:list-item --><\/p>\n<ul>\n<li style=\"list-style-type: none;\">\n<ul>\n<li>Urgicenter (de minuit \u00e0 midi) : 0596.60.80.80<\/li>\n<\/ul>\n<\/li>\n<\/ul>\n<p><!-- \/wp:list-item --><\/p>\n<p><!-- wp:list-item --><\/p>\n<ul>\n<li style=\"list-style-type: none;\">\n<ul>\n<li>Centre m\u00e9dical a\u00e9roport : 0596.42.16.16, consultations d\u2019urgence tous les jours de 7h \u00e0 23h<\/li>\n<\/ul>\n<\/li>\n<\/ul>\n<p><!-- \/wp:list-item --><\/p>\n<p><!-- \/wp:list --><\/p>\n<p><!-- wp:paragraph --><\/p>\n<p><!-- \/wp:paragraph --><\/p>\t\t\t\t\t\t<\/div>\n\t\t\t\t<\/div>\n\t\t\t\t\t<\/div>\n\t\t<\/div>\n\t\t\t\t\t\t\t<\/div>\n\t\t<\/section>\n\t\t\t\t\t\t\t<\/div>","protected":false},"excerpt":{"rendered":"<p>Voici les informations pratiques les plus importantes \u00a0 H\u00e9bergement B\u00e9n\u00e9ficiez-vous d&#8217;un tarif r\u00e9duit en s\u00e9journant \u00e0 l&#8217;h\u00f4tel Karibea&#8230;<\/p>","protected":false},"author":1,"featured_media":0,"parent":0,"menu_order":0,"comment_status":"closed","ping_status":"closed","template":"","meta":{"footnotes":""},"acf":[],"jetpack_sharing_enabled":true,"_links":{"self":[{"href":"https:\/\/rencontre.abite.fr\/en\/wp-json\/wp\/v2\/pages\/1010"}],"collection":[{"href":"https:\/\/rencontre.abite.fr\/en\/wp-json\/wp\/v2\/pages"}],"about":[{"href":"https:\/\/rencontre.abite.fr\/en\/wp-json\/wp\/v2\/types\/page"}],"author":[{"embeddable":true,"href":"https:\/\/rencontre.abite.fr\/en\/wp-json\/wp\/v2\/users\/1"}],"replies":[{"embeddable":true,"href":"https:\/\/rencontre.abite.fr\/en\/wp-json\/wp\/v2\/comments?post=1010"}],"version-history":[{"count":23,"href":"https:\/\/rencontre.abite.fr\/en\/wp-json\/wp\/v2\/pages\/1010\/revisions"}],"predecessor-version":[{"id":1955,"href":"https:\/\/rencontre.abite.fr\/en\/wp-json\/wp\/v2\/pages\/1010\/revisions\/1955"}],"wp:attachment":[{"href":"https:\/\/rencontre.abite.fr\/en\/wp-json\/wp\/v2\/media?parent=1010"}],"curies":[{"name":"wp","href":"https:\/\/api.w.org\/{rel}","templated":true}]}}