{"id":1010,"date":"2023-10-14T16:48:20","date_gmt":"2023-10-14T14:48:20","guid":{"rendered":"https:\/\/rencontre.abite.fr\/?page_id=1010"},"modified":"2023-11-07T20:22:50","modified_gmt":"2023-11-07T19:22:50","slug":"infos-pratiques","status":"publish","type":"page","link":"https:\/\/rencontre.abite.fr\/es\/infos-pratiques\/","title":{"rendered":"Infos pratiques"},"content":{"rendered":"<div data-elementor-type=\"wp-page\" data-elementor-id=\"1010\" class=\"elementor elementor-1010\">\n\t\t\t\t\t\t\t\t\t<section class=\"elementor-section elementor-top-section elementor-element elementor-element-7ca77fb7 elementor-section-boxed elementor-section-height-default elementor-section-height-default neuron-fixed-no\" data-id=\"7ca77fb7\" data-element_type=\"section\">\n\t\t\t\t\t\t<div class=\"elementor-container elementor-column-gap-default\">\n\t\t\t\t\t<div class=\"elementor-column elementor-col-100 elementor-top-column elementor-element elementor-element-3797dfb6\" data-id=\"3797dfb6\" data-element_type=\"column\">\n\t\t\t<div class=\"elementor-widget-wrap elementor-element-populated\">\n\t\t\t\t\t\t\t\t<div class=\"elementor-element elementor-element-83356d4 elementor-widget elementor-widget-text-editor\" data-id=\"83356d4\" data-element_type=\"widget\" data-widget_type=\"text-editor.default\">\n\t\t\t\t<div class=\"elementor-widget-container\">\n\t\t\t<style>\/*! elementor - v3.17.0 - 01-11-2023 *\/\n.elementor-widget-text-editor.elementor-drop-cap-view-stacked .elementor-drop-cap{background-color:#69727d;color:#fff}.elementor-widget-text-editor.elementor-drop-cap-view-framed .elementor-drop-cap{color:#69727d;border:3px solid;background-color:transparent}.elementor-widget-text-editor:not(.elementor-drop-cap-view-default) .elementor-drop-cap{margin-top:8px}.elementor-widget-text-editor:not(.elementor-drop-cap-view-default) .elementor-drop-cap-letter{width:1em;height:1em}.elementor-widget-text-editor .elementor-drop-cap{float:left;text-align:center;line-height:1;font-size:50px}.elementor-widget-text-editor .elementor-drop-cap-letter{display:inline-block}<\/style>\t\t\t\t<p><!-- wp:paragraph --><\/p>\n<p>Aqu\u00ed la informaci\u00f3n practica m\u00e1s importante<\/p>\n<p><!-- \/wp:paragraph --><\/p>\n<p><!-- wp:paragraph --><\/p>\n<p>\u00a0<\/p>\n<p><strong>Alojamiento<\/strong><\/p>\n<p><!-- \/wp:paragraph --><\/p>\n<p><!-- wp:paragraph --><\/p>\n<p>Disfrute de una tarifa reducida aloj\u00e1ndose en el<a href=\"https:\/\/www.karibea.com\/hotels\/karibea-squash-hotel\/\" data-type=\"link\" data-id=\"https:\/\/www.karibea.com\/hotels\/karibea-squash-hotel\/\">h\u00f4tel Karibea Squash<\/a> \u00e0 Fort-de-France avec le code &#8220;RCA2023&#8221;<\/p>\n<p><!-- \/wp:paragraph --><\/p>\n<p><!-- wp:paragraph --><\/p>\n<p>\u00a0<\/p>\n<p><strong>Transporte<\/strong><\/p>\n<p><!-- \/wp:paragraph --><\/p>\n<p><!-- wp:paragraph --><\/p>\n<p>En g\u00e9n\u00e9ral, les activit\u00e9s se d\u00e9rouleront dans le centre-ville de Fort-de-France. Pour les visites pr\u00e9vues dans d&#8217;autres communes, un transport commun sera mis \u00e0 disposition. Pour plus d&#8217;informations, veuillez contacter C\u00e9line BALTIDE.<\/p>\n<div>Taxi :\u00a0<\/div>\n<div>MADINTAXI : r\u00e9servation via le site (<a href=\"https:\/\/madintaxi.com\/commander-un-taxi\/\">https:\/\/madintaxi.com\/commander-un-taxi\/<\/a>), en appelant le num\u00e9ro ou via Whatsapp<\/div>\n<div>\u00a0<\/div>\n<div>+596596657700<\/div>\n<p><!-- \/wp:paragraph --><\/p>\n<p><!-- wp:paragraph --><\/p>\n<p>\u00a0<\/p>\n<p><strong>Alimentaci\u00f3n<\/strong><\/p>\n<p><!-- \/wp:paragraph --><\/p>\n<p><!-- wp:paragraph --><\/p>\n<p>Le centre-ville de Fort-de-France offre plusieurs options de cuisine locale et internationale. Au moment de la r\u00e9servation du billet, vous avez la possibilit\u00e9 de pr\u00e9payer les repas et de partager ce moment avec les invit\u00e9s sp\u00e9ciaux au restaurant <a href=\"https:\/\/chezlucrece.eatbu.com\/\" data-type=\"link\" data-id=\"https:\/\/chezlucrece.eatbu.com\/\">Chez Lucr\u00e8ce<\/a>.<\/p>\n<div>\u00a0<\/div>\n<div>Lieux de restauration \u00e0 proximit\u00e9 du Squash H\u00f4tel (accessible \u00e0 pied) :<\/div>\n<div>L&#8217;ESPACE GOURMET :\u00a0<a href=\"https:\/\/maps.app.goo.gl\/RZ83yauLxHxfNMmb8\">https:\/\/maps.app.goo.gl\/RZ83yauLxHxfNMmb8<\/a><\/div>\n<div>LOTUS D&#8217;ASIE :\u00a0<a href=\"https:\/\/maps.app.goo.gl\/tw5HLJYap7xRZScx9\">https:\/\/maps.app.goo.gl\/tw5HLJYap7xRZScx9<\/a><\/div>\n<div>\u00c0 LA BONNE PIZZA :\u00a0<a href=\"https:\/\/maps.app.goo.gl\/erx5zSGhTxBMpTTs8\">https:\/\/maps.app.goo.gl\/erx5zSGhTxBMpTTs8<\/a><\/div>\n<div>FAVELA RESTO BAR :\u00a0<a href=\"https:\/\/maps.app.goo.gl\/gy7QR2YU4VZ8KVhG8\">https:\/\/maps.app.goo.gl\/gy7QR2YU4VZ8KVhG8<\/a><\/div>\n<div>KEMANA :\u00a0<a href=\"https:\/\/maps.app.goo.gl\/mps9Tm9bkcXtjMYV6\">https:\/\/maps.app.goo.gl\/mps9Tm9bkcXtjMYV6<\/a><\/div>\n<p><!-- \/wp:paragraph --><\/p>\n<p><!-- wp:paragraph --><\/p>\n<p>\u00a0<\/p>\n<p><strong>Urgencias<\/strong><\/p>\n<p><!-- \/wp:paragraph --><\/p>\n<p><!-- wp:paragraph --><\/p>\n<p>En caso de urgencia, puede contactar a C\u00e9line Baltide al +596596672067<\/p>\n<p><!-- \/wp:paragraph --><\/p>\n<p><!-- wp:paragraph --><\/p>\n<p>\u00a0<\/p>\n<p><strong>Informations sobre Martinique<\/strong><\/p>\n<p><!-- \/wp:paragraph --><\/p>\n<p><!-- wp:paragraph --><\/p>\n<p>Condiciones clim\u00e1ticas<br \/>Fort-de-France tiene un clima tropical con temperaturas calientes todo el a\u00f1o<br \/>La temporada de lluvias se extienden de junio a octubre, mientras que la temporada seca va de noviembre a mayo<br \/>La temperaturas promedio var\u00edan generalmente entre 24\u00baC y 31\u00baC (75\u00baF y 88\u00baF)<br \/>Puntos de int\u00e9res locales<br \/>- La Savana: es un parque central que ofrece un oasis de vegetaci\u00f3n en el coraz\u00f3n de la ciudad. Puede pasear, hacer un picnic o simplemente relajarse.<br \/>- La Catedral de San Luis: Esta catedral es un impresionante ejemplo de la arquitectura religiosa en Martinica.<br \/>- El Jard\u00edn de Balata: Es un hermoso jard\u00edn bot\u00e1nico con una gran variedad de plantas tropicales y aves ex\u00f3ticas.<br \/>- La Biblioteca Schoelcher: Una destacada biblioteca neog\u00f3tica que merece la pena visitar.<br \/>- Mercado de Fort-de-France: Un lugar ideal para descubrir la cultura local, comprar productos artesanales y probar deliciosas especialidades martiniquesas.<br \/>- Fuerte Saint-Louis: Una hist\u00f3rica fortaleza que ofrece una vista panor\u00e1mica de la ciudad y la bah\u00eda de Fort-de-France.<br \/>&#8211; Les plages : La r\u00e9gion est bord\u00e9e de superbes plages, notamment la plage de La Fran\u00e7aise, la plage de La Bateli\u00e8re et Trois-\u00eelets avec la navette maritime, id\u00e9ales pour la baignade et la d\u00e9tente.<\/p>\n<p><!-- \/wp:paragraph --><\/p>\n<p><!-- wp:paragraph --><\/p>\n<p><!-- \/wp:list-item --><\/p>\n<p><!-- \/wp:list --><\/p>\n<p><!-- wp:paragraph --><\/p>\n<p><!-- \/wp:paragraph --><\/p>\t\t\t\t\t\t<\/div>\n\t\t\t\t<\/div>\n\t\t\t\t\t<\/div>\n\t\t<\/div>\n\t\t\t\t\t\t\t<\/div>\n\t\t<\/section>\n\t\t\t\t<section class=\"elementor-section elementor-top-section elementor-element elementor-element-48db348 elementor-section-boxed elementor-section-height-default elementor-section-height-default neuron-fixed-no\" data-id=\"48db348\" data-element_type=\"section\">\n\t\t\t\t\t\t<div class=\"elementor-container elementor-column-gap-default\">\n\t\t\t\t\t<div class=\"elementor-column elementor-col-100 elementor-top-column elementor-element elementor-element-9708bb3\" data-id=\"9708bb3\" data-element_type=\"column\">\n\t\t\t<div class=\"elementor-widget-wrap elementor-element-populated\">\n\t\t\t\t\t\t\t\t<div class=\"elementor-element elementor-element-f5f882b elementor-widget elementor-widget-html\" data-id=\"f5f882b\" data-element_type=\"widget\" data-widget_type=\"html.default\">\n\t\t\t\t<div class=\"elementor-widget-container\">\n\t\t\t<iframe loading=\"lazy\" src=\"https:\/\/www.google.com\/maps\/d\/embed?mid=1Xk0nRRfRnmRRg71y-x2xpT6MugB3mF0&ehbc=2E312F\" width=\"640\" height=\"480\"><\/iframe>\t\t<\/div>\n\t\t\t\t<\/div>\n\t\t\t\t<section class=\"elementor-section elementor-inner-section elementor-element elementor-element-d2aaf60 elementor-section-boxed elementor-section-height-default elementor-section-height-default neuron-fixed-no\" data-id=\"d2aaf60\" data-element_type=\"section\">\n\t\t\t\t\t\t<div class=\"elementor-container elementor-column-gap-default\">\n\t\t\t\t\t<div class=\"elementor-column elementor-col-100 elementor-inner-column elementor-element elementor-element-8a10ae3\" data-id=\"8a10ae3\" data-element_type=\"column\">\n\t\t\t<div class=\"elementor-widget-wrap elementor-element-populated\">\n\t\t\t\t\t\t\t\t<div class=\"elementor-element elementor-element-e822dca elementor-widget elementor-widget-text-editor\" data-id=\"e822dca\" data-element_type=\"widget\" data-widget_type=\"text-editor.default\">\n\t\t\t\t<div class=\"elementor-widget-container\">\n\t\t\t\t\t\t\t<p><a href=\"https:\/\/www.google.com\/maps\/d\/u\/0\/edit?mid=1Xk0nRRfRnmRRg71y-x2xpT6MugB3mF0&amp;usp=sharing\">Voir carte interactive en Google Maps<\/a><\/p>\t\t\t\t\t\t<\/div>\n\t\t\t\t<\/div>\n\t\t\t\t\t<\/div>\n\t\t<\/div>\n\t\t\t\t\t\t\t<\/div>\n\t\t<\/section>\n\t\t\t\t\t<\/div>\n\t\t<\/div>\n\t\t\t\t\t\t\t<\/div>\n\t\t<\/section>\n\t\t\t\t<section class=\"elementor-section elementor-top-section elementor-element elementor-element-b241206 elementor-section-boxed elementor-section-height-default elementor-section-height-default neuron-fixed-no\" data-id=\"b241206\" data-element_type=\"section\">\n\t\t\t\t\t\t<div class=\"elementor-container elementor-column-gap-default\">\n\t\t\t\t\t<div class=\"elementor-column elementor-col-100 elementor-top-column elementor-element elementor-element-2cfff15\" data-id=\"2cfff15\" data-element_type=\"column\">\n\t\t\t<div class=\"elementor-widget-wrap elementor-element-populated\">\n\t\t\t\t\t\t\t\t<div class=\"elementor-element elementor-element-592006e elementor-widget elementor-widget-text-editor\" data-id=\"592006e\" data-element_type=\"widget\" data-widget_type=\"text-editor.default\">\n\t\t\t\t<div class=\"elementor-widget-container\">\n\t\t\t\t\t\t\t<p><!-- wp:paragraph --><\/p>\n<p><strong>N\u00fameros de emergencia<\/strong><\/p>\n<p><!-- \/wp:paragraph --><\/p>\n<p><!-- wp:paragraph --><\/p>\n<p>Aqu\u00ed est\u00e1n los n\u00fameros a marcar en caso de emergencia en Martinica:<br \/>POLIC\u00cdA: 17 o H\u00f4tel de Police 0596.59.40.00<br \/>GENDARMER\u00cdA: 17<\/p>\n<p><!-- \/wp:paragraph --><\/p>\n<p><!-- wp:list --><\/p>\n<ul>\n<li style=\"list-style-type: none;\">\n<ul><!-- wp:list-item --><\/ul>\n<\/li>\n<\/ul>\n<ul>\n<li style=\"list-style-type: none;\">\n<ul>\n<li>En Fort-de-France: 0596.59.90.00<\/li>\n<\/ul>\n<\/li>\n<\/ul>\n<p><!-- \/wp:list-item --><\/p>\n<p><!-- wp:list-item --><\/p>\n<ul>\n<li style=\"list-style-type: none;\">\n<ul>\n<li>En Redoute \/ Urgencia: 0596.59.90.40<\/li>\n<\/ul>\n<\/li>\n<\/ul>\n<p><!-- \/wp:list-item --><\/p>\n<p><!-- wp:list-item --><\/p>\n<ul>\n<li style=\"list-style-type: none;\">\n<ul>\n<li>En Le Marin: 0596.74.95.64 o 0596.74.18.44<\/li>\n<\/ul>\n<\/li>\n<\/ul>\n<p><!-- \/wp:list-item --><\/p>\n<p><!-- wp:list-item --><\/p>\n<ul>\n<li style=\"list-style-type: none;\">\n<ul>\n<li>En Trinit\u00e9: 0596.58.17.28<\/li>\n<\/ul>\n<\/li>\n<\/ul>\n<p><!-- \/wp:list-item --><\/p>\n<p><!-- \/wp:list --><\/p>\n<p><!-- wp:paragraph --><\/p>\n<p>BOMBEROS: 18 o 0596.59.05.80<\/p>\n<p><!-- \/wp:paragraph --><\/p>\n<p><!-- wp:paragraph --><\/p>\n<p>M\u00c9DICOS DE GUARDIA: Centro 15<\/p>\n<p><!-- \/wp:paragraph --><\/p>\n<p><!-- wp:list --><\/p>\n<ul>\n<li style=\"list-style-type: none;\">\n<ul><!-- wp:list-item --><\/ul>\n<\/li>\n<\/ul>\n<p>\u00a0<\/p>\n<ul>\n<li style=\"list-style-type: none;\">\n<ul>\n<li>S.O.S. M\u00e9dicos (de 6:00 a 00:00): 0596.63.33.33<\/li>\n<\/ul>\n<\/li>\n<\/ul>\n<p><!-- \/wp:list-item --><\/p>\n<p><!-- wp:list-item --><\/p>\n<ul>\n<li style=\"list-style-type: none;\">\n<ul>\n<li>Urgicenter (de medianoche a mediod\u00eda): 0596.60.80.80<\/li>\n<\/ul>\n<\/li>\n<\/ul>\n<p><!-- \/wp:list-item --><\/p>\n<p><!-- wp:list-item --><\/p>\n<ul>\n<li style=\"list-style-type: none;\">\n<ul>\n<li>Centro m\u00e9dico del aeropuerto: 0596.42.16.16, consultas de emergencia todos los d\u00edas de 7:00 a 23:00.<\/li>\n<\/ul>\n<\/li>\n<\/ul>\n<p><!-- \/wp:list-item --><\/p>\n<p><!-- \/wp:list --><\/p>\n<p><!-- wp:paragraph --><\/p>\n<p><!-- \/wp:paragraph --><\/p>\t\t\t\t\t\t<\/div>\n\t\t\t\t<\/div>\n\t\t\t\t\t<\/div>\n\t\t<\/div>\n\t\t\t\t\t\t\t<\/div>\n\t\t<\/section>\n\t\t\t\t\t\t\t<\/div>","protected":false},"excerpt":{"rendered":"<p>Voici les informations pratiques les plus importantes \u00a0 H\u00e9bergement B\u00e9n\u00e9ficiez-vous d&#8217;un tarif r\u00e9duit en s\u00e9journant \u00e0 l&#8217;h\u00f4tel Karibea&#8230;<\/p>","protected":false},"author":1,"featured_media":0,"parent":0,"menu_order":0,"comment_status":"closed","ping_status":"closed","template":"","meta":{"footnotes":""},"acf":[],"jetpack_sharing_enabled":true,"_links":{"self":[{"href":"https:\/\/rencontre.abite.fr\/es\/wp-json\/wp\/v2\/pages\/1010"}],"collection":[{"href":"https:\/\/rencontre.abite.fr\/es\/wp-json\/wp\/v2\/pages"}],"about":[{"href":"https:\/\/rencontre.abite.fr\/es\/wp-json\/wp\/v2\/types\/page"}],"author":[{"embeddable":true,"href":"https:\/\/rencontre.abite.fr\/es\/wp-json\/wp\/v2\/users\/1"}],"replies":[{"embeddable":true,"href":"https:\/\/rencontre.abite.fr\/es\/wp-json\/wp\/v2\/comments?post=1010"}],"version-history":[{"count":23,"href":"https:\/\/rencontre.abite.fr\/es\/wp-json\/wp\/v2\/pages\/1010\/revisions"}],"predecessor-version":[{"id":1955,"href":"https:\/\/rencontre.abite.fr\/es\/wp-json\/wp\/v2\/pages\/1010\/revisions\/1955"}],"wp:attachment":[{"href":"https:\/\/rencontre.abite.fr\/es\/wp-json\/wp\/v2\/media?parent=1010"}],"curies":[{"name":"wp","href":"https:\/\/api.w.org\/{rel}","templated":true}]}}