{"id":1272,"date":"2023-10-18T21:01:34","date_gmt":"2023-10-18T19:01:34","guid":{"rendered":"https:\/\/rencontre.abite.fr\/?page_id=1272"},"modified":"2023-10-18T21:03:42","modified_gmt":"2023-10-18T19:03:42","slug":"mentions-legales","status":"publish","type":"page","link":"https:\/\/rencontre.abite.fr\/es\/mentions-legales\/","title":{"rendered":"Mentions legales"},"content":{"rendered":"<div data-elementor-type=\"wp-page\" data-elementor-id=\"1272\" class=\"elementor elementor-1272\">\n\t\t\t\t\t\t\t\t\t<section class=\"elementor-section elementor-top-section elementor-element elementor-element-65e5b89 elementor-section-boxed elementor-section-height-default elementor-section-height-default neuron-fixed-no\" data-id=\"65e5b89\" data-element_type=\"section\">\n\t\t\t\t\t\t<div class=\"elementor-container elementor-column-gap-default\">\n\t\t\t\t\t<div class=\"elementor-column elementor-col-100 elementor-top-column elementor-element elementor-element-12453ee\" data-id=\"12453ee\" data-element_type=\"column\">\n\t\t\t<div class=\"elementor-widget-wrap elementor-element-populated\">\n\t\t\t\t\t\t\t\t<div class=\"elementor-element elementor-element-8cfb2a7 elementor-widget elementor-widget-text-editor\" data-id=\"8cfb2a7\" data-element_type=\"widget\" data-widget_type=\"text-editor.default\">\n\t\t\t\t<div class=\"elementor-widget-container\">\n\t\t\t<style>\/*! elementor - v3.17.0 - 01-11-2023 *\/\n.elementor-widget-text-editor.elementor-drop-cap-view-stacked .elementor-drop-cap{background-color:#69727d;color:#fff}.elementor-widget-text-editor.elementor-drop-cap-view-framed .elementor-drop-cap{color:#69727d;border:3px solid;background-color:transparent}.elementor-widget-text-editor:not(.elementor-drop-cap-view-default) .elementor-drop-cap{margin-top:8px}.elementor-widget-text-editor:not(.elementor-drop-cap-view-default) .elementor-drop-cap-letter{width:1em;height:1em}.elementor-widget-text-editor .elementor-drop-cap{float:left;text-align:center;line-height:1;font-size:50px}.elementor-widget-text-editor .elementor-drop-cap-letter{display:inline-block}<\/style>\t\t\t\t<p><strong>1. Informations g\u00e9n\u00e9rales<\/strong> Ce site web est \u00e9dit\u00e9 par l\u2019association<em> abit\u00e9<\/em>. Le si\u00e8ge social de l\u2019association<em> abit\u00e9 <\/em>est situ\u00e9 \u00e0 le PATIO19 19 rue Garnier Pag\u00e8s. Fort de France. 97200 . T\u00e9l\u00e9phone : +596596672067. Adresse e-mail : <a href=\"mailto:contact@abite.fr\">contact@abite.fr<\/a>.<\/p><p><strong>2. Directeur de publication<\/strong> Le directeur de publication du site web sont David FONTCUBERTA, Laurianne JACQUES et Rafael SALCEDO<\/p><p><strong>3. H\u00e9bergement<\/strong> Ce site web est h\u00e9berg\u00e9 par Hostinger.<\/p><p><strong>4. Propri\u00e9t\u00e9 intellectuelle<\/strong> L&#8217;ensemble du contenu pr\u00e9sent sur ce site web, y compris, mais sans s&#8217;y limiter, les textes, les graphiques, les images, les logos et les vid\u00e9os, est la propri\u00e9t\u00e9 exclusive de l&#8217;association <em>abit\u00e9<\/em> ou de ses partenaires. Toute reproduction, distribution, modification ou utilisation sans autorisation pr\u00e9alable \u00e9crite est strictement interdite.<\/p><p><strong>5. Liens externes<\/strong> Ce site web peut contenir des liens vers des sites web tiers. Nous d\u00e9clinons toute responsabilit\u00e9 quant au contenu ou \u00e0 la politique de confidentialit\u00e9 de ces sites tiers. La d\u00e9cision d&#8217;acc\u00e9der \u00e0 ces liens rel\u00e8ve de votre responsabilit\u00e9.<\/p><p><strong>6. Collecte de donn\u00e9es personnelles<\/strong> Nous ne collectons et n&#8217;utilisons aucunes donn\u00e9es personnelles conform\u00e9ment \u00e0 notre politique de confidentialit\u00e9.<\/p><p><strong>7. Cookies<\/strong> Ce site web n&#8217;utilise pas de cookies. Les cookies sont de petits fichiers texte qui sont stock\u00e9s sur votre appareil lorsque vous visitez le site web.<\/p><p><strong>8. Limitation de responsabilit\u00e9<\/strong> Nous nous effor\u00e7ons de maintenir les informations de ce site web \u00e0 jour et exactes. Cependant, nous ne pouvons garantir l&#8217;exactitude, l&#8217;exhaustivit\u00e9 ou la pertinence des informations fournies. En cons\u00e9quence, nous d\u00e9clinons toute responsabilit\u00e9 quant aux dommages directs ou indirects r\u00e9sultant de l&#8217;utilisation de ce site web.<\/p><p><strong>9. Droit applicable et juridiction comp\u00e9tente<\/strong> Les pr\u00e9sentes mentions l\u00e9gales sont r\u00e9gies par le droit applicable dans votre pays. Tout litige relatif \u00e0 l&#8217;utilisation de ce site web sera soumis \u00e0 la juridiction exclusive des tribunaux comp\u00e9tents de Martinique.<\/p>\t\t\t\t\t\t<\/div>\n\t\t\t\t<\/div>\n\t\t\t\t\t<\/div>\n\t\t<\/div>\n\t\t\t\t\t\t\t<\/div>\n\t\t<\/section>\n\t\t\t\t\t\t\t<\/div>","protected":false},"excerpt":{"rendered":"<p>1. Informations g\u00e9n\u00e9rales Ce site web est \u00e9dit\u00e9 par l\u2019association abit\u00e9. Le si\u00e8ge social de l\u2019association abit\u00e9 est&#8230;<\/p>","protected":false},"author":1,"featured_media":0,"parent":0,"menu_order":0,"comment_status":"closed","ping_status":"closed","template":"","meta":{"footnotes":""},"acf":[],"jetpack_sharing_enabled":true,"_links":{"self":[{"href":"https:\/\/rencontre.abite.fr\/es\/wp-json\/wp\/v2\/pages\/1272"}],"collection":[{"href":"https:\/\/rencontre.abite.fr\/es\/wp-json\/wp\/v2\/pages"}],"about":[{"href":"https:\/\/rencontre.abite.fr\/es\/wp-json\/wp\/v2\/types\/page"}],"author":[{"embeddable":true,"href":"https:\/\/rencontre.abite.fr\/es\/wp-json\/wp\/v2\/users\/1"}],"replies":[{"embeddable":true,"href":"https:\/\/rencontre.abite.fr\/es\/wp-json\/wp\/v2\/comments?post=1272"}],"version-history":[{"count":5,"href":"https:\/\/rencontre.abite.fr\/es\/wp-json\/wp\/v2\/pages\/1272\/revisions"}],"predecessor-version":[{"id":1277,"href":"https:\/\/rencontre.abite.fr\/es\/wp-json\/wp\/v2\/pages\/1272\/revisions\/1277"}],"wp:attachment":[{"href":"https:\/\/rencontre.abite.fr\/es\/wp-json\/wp\/v2\/media?parent=1272"}],"curies":[{"name":"wp","href":"https:\/\/api.w.org\/{rel}","templated":true}]}}